{"id":3852,"date":"2023-09-14T16:21:11","date_gmt":"2023-09-14T15:21:11","guid":{"rendered":"http:\/\/www.sitola.cz\/wordpress\/?page_id=3852"},"modified":"2023-09-14T16:27:45","modified_gmt":"2023-09-14T15:27:45","slug":"spring-2023-program","status":"publish","type":"page","link":"https:\/\/www.sitola.cz\/wordpress\/seminar\/spring-2023-program\/","title":{"rendered":"Spring 2023 Program"},"content":{"rendered":"<p>This is the program of the Sitola seminar in spring 2023. Presentations for the current semester are available <a href=\"https:\/\/www.sitola.cz\/wordpress\/seminar\">here<\/a>.<\/p>\n<p><!-- <b>The program for spring 2023<\/b> is available <a href=\"https:\/\/www.sitola.cz\/wordpress\/seminar\/autumn-2021-programme\/\">here<\/a>.--><\/p>\n<ul>\n<li><strong>15.2.2023<\/strong><br \/>\nBc. Ji\u0159\u00ed Papou\u0161ek<br \/>\n<strong>Solver for dynamic vehicle routing problems with time windows<\/strong><br \/>\nAbstract: Static vehicle routing problem with time windows (VRPTW) is a highly constrained routing problem that has been thoroughly studied, and solvers with good results have been proposed in previous years. Nevertheless, these algorithms are usually based on metaheuristics and\/or exact methods. Surprisingly, there are not many successful applications of machine learning in the area of vehicle routing problems in the literature.<br \/>\nIn the presentation, we will describe dynamic VRPTW formulated in the <a href=\"https:\/\/euro-neurips-vrp-2022.challenges.ortec.com\/\">EURO Meets NeurIPS 2022 Vehicle Routing Competition<\/a>. We will discuss the possibilities and limitations of combining well-established methods with reinforcement learning (specifically deep Q-learning) in order to implement an effective solver for this problem.\n<\/li>\n<p><\/p>\n<li><strong>22.2.2023<\/strong><br \/>\ndoc. Ing. RNDr. Barbora B\u00fchnov\u00e1, Ph.D.<br \/>\n<strong>Trust management in dynamic autonomous ecosystems<\/strong><br \/>\nAbstract: Digitalization is leading us toward a future where people, processes, data, and things are not only interacting with each other but might start forming societies on their own. In these dynamic systems enhanced by artificial intelligence, trust management on the level of human-to-machine as well as machine-to-machine interaction becomes an essential ingredient to supervise the safe and secure progress of our digitalized future. In this talk, we will look into the essential elements of trust management in complex digital ecosystems and discuss how trust-building can be leveraged to support people in safe interaction with other autonomous digital agents (e.g., self-driving cars, drones, and other robotic systems), highlighting our research on establishing trust among autonomous agents.\n<\/li>\n<p><\/p>\n<li><strong>1.3.2023<\/strong><br \/>\nIng. Eva V\u00fdtvarov\u00e1<br \/>\n<strong>Predicting responsiveness to deep brain stimulation in Parkinson&#8217;s disease<\/strong><br \/>\nAbstract: Parkinson&#8217;s disease (PD) typically occurs in people over the age of 60; however, it can be diagnosed even in 40-year-old ones. It is a neurodegenerative disorder with the first symptoms targeting motion quality &#8212; tremor, rigidity, slowness of movement, and difficulty walking. Cognitive and behavioral problems such as depression, anxiety, and apathy soon follow. Mostly, PD is treated by medication that aims to reduce symptoms; no cure is known. In severe cases of PD, microelectrodes are surgically placed inside the brain to help to reduce motor symptoms. Since it is an invasive procedure, the patient&#8217;s responsiveness to the stimulation is essential. We aim to find a pattern of functional brain connectivity that is different in good responders to the stimulation and non-responders.<br \/>\nIn the presentation, I will describe the dataset and walk listeners through individual analysis steps. They include evaluating the effect of deep brain stimulation (DBS) on connectivity, estimating patterns of connectivity related to an improvement of motion after DBS, and detecting patterns related to cognition. These three combined will provide an understanding of parts of the brain influenced by DBS and offer hypotheses for the prediction of the suitability of DBS for a specific patient.\n<\/li>\n<p><\/p>\n<li><strong>8.3.2023<\/strong><br \/>\nMgr. Martin Brakl<br \/>\n<strong>UDP packet reflector in P4 for Tofino Native Architecture<\/strong><br \/>\nAbstract: Computer networks are mostly driven by networking devices with fixed-function hardware. That leads to many problems. The biggest one is the slow development of new networking applications and their nonexisting direct support in the hardware of networking devices. Software-defined networks or SDNs have the goal to shatter this long-lasting era of legacy networking and fix issues that are slowing down the development of computer networks.<br \/>\nIn this talk, we will look at the newest generation of SDNs driven by the P4 programming language and ASIC chip Tofino developed just for P4. More specifically, I will show the basic architecture the language and the ASIC chip and how are they cooperating. The second part of the talk will focus on the experimental implementation of the UDP packet reflector in P4 for Tofino utilizing virtual protocol-independent multicast.\n<\/li>\n<p><\/p>\n<li><strong>15.3.2023<\/strong><br \/>\nSpring  holidays\n<\/li>\n<p><\/p>\n<li><strong>22.3.2023<\/strong><br \/>\nRNDr. Petra N\u011bmcov\u00e1, RNDr. Ji\u0159\u00ed Filipovi\u010d, Ph.D.<br \/>\n<strong>Caverdock (2.0.?): Flexible receptors and robotic motion planning<\/strong><br \/>\nAbstract: The receptor-ligand interactions are an important part of many biologically relevant processes. The small ligand molecule needs to pass via a tunnel into a receptor before the interaction of interest begins.Both receptor-ligand interaction and ligand pathway need to be studied.CaverDock is a computational tool that simulates the transport of the ligand in a tunnel. CaverDock 1.0. works with one receptor&#8217;s conformation.<br \/>\nSince then, we have made two improvements. First, CaverDock can work with multiple receptors and, therefore, can better simulate natural receptor behavior. Second, CaverDock has expanded to use robotic algorithms that can work better in the open parts of the tunnel. We will demonstrate the use of both new methods on real data.\n<\/li>\n<p><\/p>\n<li><strong>29.3.2023<\/strong><br \/>\nMgr. Pavel Nov\u00e1k<br \/>\n<strong>Unraveling the security patterns in complex networks: A modelling perspective<\/strong><br \/>\nAbstract: The increasing dependence on interconnected systems has exposed organizations and societies to various security threats. Securing complex networks requires a systematic approach that can identify and mitigate potential vulnerabilities. This presentation explores modeling approaches to analyze and develop security patterns in complex networks. We will discuss how to represent complex networks using models, simulate security threats, and recommend optimal security strategies.\n<\/li>\n<p><\/p>\n<li><strong>5.4.2023<br \/>\nCanceled due to illness!<\/strong><br \/>\nMgr. Ale\u0161 K\u0159enek, Ph.D.<br \/>\n<strong>Quick, easy, and dirty guide to finding the best hyperparameters of a neural network<\/strong><br \/>\nThe performance of neural network models strongly depends on the good setting of their hyperparameters (e.g., number and size of layers, activation functions, learning rate, etc.). There are textbook guides to handle textbook examples, however, the more complex network architecture, the less intuitive the process, resulting in the need for state space search in most practical instances. We demonstrate the problem with a realistic yet simple image generation example and show how to approach the tuning with the Keras Tuner library.<br \/>\nThe search space and computational requirements grow proportionally with the growing number of hyperparameters. On the other hand, the used search algorithms are fairly easy to run in parallel, and Keras Tuner supports it directly. We show how to exploit the parallelism using CERIT-SC Jupyter\/Kubernetes compute resources.<br \/>\nFinally, certain homogeneous subsets of hyperparameter configurations can be fused into a single, bigger model, having the potential to use GPU acceleration more effectively. We will briefly discuss this approach and its tradeoffs.\n<\/li>\n<p><\/p>\n<li><strong>12.4.2023<\/strong><br \/>\nIng. V\u00e1clav Oujezsk\u00fd, Ph.D.<br \/>\n<strong>Data backup and storage system with integrated active protection against cyber threats<\/strong><br \/>\nAbstract: Nowadays, the issue of data backups is a hot topic due to the threat of cyber-attacks. The speech presents a current project which aims to research, design and develop a platform to protect backed-up data against the threat of cyber-attacks such as ransomware and malware. The focus is on automation, artificial intelligence, and support for most backup and archiving software, so-called full agnostic solutions combined with a malware defense system.\n<\/li>\n<p><\/p>\n<li><strong>19.4.2023<\/strong><br \/>\ndoc. RNDr. Tom\u00e1\u0161 Br\u00e1zdil, Ph.D.<br \/>\n<strong>On explainable neural networks in practice<\/strong><br \/>\nAbstract: I will concentrate on the following neural network: -4.8129e-04, -5.6481e-04,  2.4511e-03, 1.2085e-03,  2.7492e-03,  1.7652e-03 &#8230; the rest is omitted due to limited space. What is it good for? Is it good? How to find out that it&#8217;s good? How to explain that it&#8217;s good? How to explain to the end users that it&#8217;s good? How to explain what it does? How to explain what it does to the end users? How to explain why it does what it does to the end users? How to deploy it in production? How to move it from one application place to another one? I won&#8217;t answer all these questions completely, but I will give it a try.\n<\/li>\n<p><\/p>\n<li><strong>26.4.2023<\/strong><br \/>\nCanceled: CESNET seminar\n<\/li>\n<p><\/p>\n<li><strong>3.5.2023<\/strong><br \/>\nRNDr. Pavel Troubil, Ph.D.<br \/>\n<strong> Deep reinforcement learning for practical scheduling<\/strong><br \/>\nAbstract: Out of all energy used worldwide, a significant portion (8%) is consumed to make steel. Efficient scheduling of production can offer notable savings.<br \/>\nNot only in steel production but across numerous other industrial sectors, finding the optimal sequence of operations on one or more resources is a daily task for planners. Operations research has developed many effective scheduling algorithms to assist them. Yet the algorithms often require customization to fit individual plants&#8216; unique rules and objectives, asking a lot of time from skilled experts.<br \/>\nWhat if we could replace their effort with training cycles of AI agents? The talk will present some ideas on how deep reinforcement learning on top of graph neural networks could solve practical scheduling problems.\n<\/li>\n<p><\/p>\n<li><strong>10.5.2023<\/strong><br \/>\n<strong>Future Sitola<\/strong>\n<\/li>\n<p><\/p>\n<li><strong>Examination period<\/strong><br \/>\nMeetings devoted to state exam rehearsals are scheduled mostly. State exam rehearsals are in Czech mostly. If you are interested in an additional date, please let me know.<\/p>\n<li><strong>7.6.2023<br \/>\nState exam rehearsals (master) <\/strong><br \/>\nJi\u0159\u00ed Papou\u0161ek: <a href=\"https:\/\/is.muni.cz\/auth\/th\/jbqz3\/\">Solver for dynamic vehicle routing problem with time windows<\/a><br \/>\nSupervisor: Hana Rudov\u00e1<br \/>\nReader: Tom\u00e1\u0161 Br\u00e1zdil<\/li>\n<p><\/p>\n<p>Ond\u0159ej Holub: <a href=\"https:\/\/is.muni.cz\/auth\/th\/fuut9\/\">Framework for dynamic vehicle routing<\/a><br \/>\nSupervisor: Hana Rudov\u00e1<br \/>\nReader: D\u00e1vid Hal\u00e1sz<\/li>\n<p><\/p>\n<li><strong>14.6.2023<br \/>\nState exam rehearsals (master and bachelor) <\/strong><br \/>\nFilip Jozefov: <a href=\"https:\/\/is.muni.cz\/auth\/th\/zekdv\">Machine learning techniques of mass spectra prediction<\/a><br \/>\nSupervisor: Ale\u0161 K\u0159enek<br \/>\nReader: Tom\u00e1\u0161 Rebok\n<\/li>\n<p><\/p>\n<p>Luk\u00e1\u0161 Kratochv\u00edl: <a href=\"https:\/\/is.muni.cz\/auth\/th\/msuml\">Syst\u00e9m pro zaji\u0161t\u011bn\u00ed evidence a bezpe\u010dnosti MR m\u011b\u0159en\u00ed v laborato\u0159i MAFIL<\/a><br \/>\nSupervisor: Tom\u00e1\u0161 Svoboda<br \/>\nReader: Tom\u00e1\u0161 Rebok<\/p>\n<p>Maxmili\u00e1n \u0160effer: <a href=\"https:\/\/is.muni.cz\/auth\/th\/agk6n\">Interactive data system to record the process of neurological measurements of volunteers<\/a><br \/>\nSupervisor: Tom\u00e1\u0161 Svoboda<br \/>\nReader: Michal R\u016f\u017ei\u010dka<\/p>\n<li><strong>21.6.2023<br \/>\nState exam rehearsals (bachelor) <\/strong><br \/>\nJan \u0160eve\u010dek: <a href=\"https:\/\/is.muni.cz\/auth\/th\/xhi03\/\">Artificial bee colony for project scheduling<\/a><br \/>\nSupervisor: Hana Rudov\u00e1<br \/>\nReader: Petra N\u011bmcov\u00e1<\/p>\n<p>Alexander Zgabur: <a href=\"https:\/\/is.muni.cz\/auth\/th\/ucavp\/\">Analysis of DNS records management systems and design of deployment<\/a><br \/>\nSupervisor: Tom\u00e1\u0161 Rebok<br \/>\nReader: Milo\u0161 Li\u0161ka\n<\/li>\n<p><\/p>\n<li> <strong>14.9. &#8211; 16.9. 2023<br \/>\nSitSem seminar at Tel\u010d<\/strong><br \/>\nSee more about the <a href=\"https:\/\/docs.google.com\/spreadsheets\/d\/1BoFYbrB0MmZujekXwjyl1IixwuOCPLJ_WXI-sKQCh2c\/edit#gid=1050441891\">program<\/a><\/p>\n<\/ul>\n<p>Contact: <a href=\"http:\/\/www.fi.muni.cz\/~hanka\">Hana Rudov\u00e1<\/a><\/p>\n","protected":false},"excerpt":{"rendered":"<p>This is the program of the Sitola seminar in spring 2023. Presentations for the current semester are available here. 15.2.2023 Bc. Ji\u0159\u00ed Papou\u0161ek Solver for dynamic vehicle routing problems with time windows Abstract: Static vehicle routing problem with time windows (VRPTW) is a highly constrained routing problem that has been thoroughly studied, and solvers with [&hellip;]<\/p>\n","protected":false},"author":42,"featured_media":0,"parent":2896,"menu_order":0,"comment_status":"closed","ping_status":"closed","template":"","meta":{"footnotes":""},"_links":{"self":[{"href":"https:\/\/www.sitola.cz\/wordpress\/wp-json\/wp\/v2\/pages\/3852"}],"collection":[{"href":"https:\/\/www.sitola.cz\/wordpress\/wp-json\/wp\/v2\/pages"}],"about":[{"href":"https:\/\/www.sitola.cz\/wordpress\/wp-json\/wp\/v2\/types\/page"}],"author":[{"embeddable":true,"href":"https:\/\/www.sitola.cz\/wordpress\/wp-json\/wp\/v2\/users\/42"}],"replies":[{"embeddable":true,"href":"https:\/\/www.sitola.cz\/wordpress\/wp-json\/wp\/v2\/comments?post=3852"}],"version-history":[{"count":4,"href":"https:\/\/www.sitola.cz\/wordpress\/wp-json\/wp\/v2\/pages\/3852\/revisions"}],"predecessor-version":[{"id":3944,"href":"https:\/\/www.sitola.cz\/wordpress\/wp-json\/wp\/v2\/pages\/3852\/revisions\/3944"}],"up":[{"embeddable":true,"href":"https:\/\/www.sitola.cz\/wordpress\/wp-json\/wp\/v2\/pages\/2896"}],"wp:attachment":[{"href":"https:\/\/www.sitola.cz\/wordpress\/wp-json\/wp\/v2\/media?parent=3852"}],"curies":[{"name":"wp","href":"https:\/\/api.w.org\/{rel}","templated":true}]}}