{"id":2547,"date":"2016-01-08T15:22:58","date_gmt":"2016-01-08T14:22:58","guid":{"rendered":"http:\/\/www.sitola.cz\/wordpress\/?page_id=2547"},"modified":"2016-04-06T20:34:15","modified_gmt":"2016-04-06T19:34:15","slug":"parallel-numerical-algorithms-and-simulations","status":"publish","type":"page","link":"https:\/\/www.sitola.cz\/wordpress\/projects\/parallel-numerical-algorithms-and-simulations\/","title":{"rendered":"Parallel numerical algorithms and simulations"},"content":{"rendered":"<div class=\"withsidebar\">\n<p>V dne\u0161n\u00ed dob\u011b je mnoho probl\u00e9m\u016f z re\u00e1ln\u00e9ho sv\u011bta \u0159e\u0161eno pomoc\u00ed simulac\u00ed. D\u00edky simulac\u00edm je mo\u017en\u00e9 nap\u0159\u00edklad l\u00e9pe ch\u00e1pat komplexn\u00ed interakce biomolekul, tr\u00e9novat operace ve virtu\u00e1ln\u00edm prost\u0159ed\u00ed \u010di odhadovat dosah p\u0159\u00edrodn\u00edch katastrof. Mnoh\u00e9 simulace jsou v\u0161ak i pro sou\u010dasn\u00e9 po\u010d\u00edta\u010de extr\u00e9mn\u011b n\u00e1ro\u010dn\u00e9, je proto t\u0159eba hledat vhodn\u00e9 matematick\u00e9 modely a paralelizovat, akcelerovat a optimalizovat jejich implementaci. V laborato\u0159i se zab\u00fdv\u00e1me p\u0159edev\u0161\u00edm metodami pro urychlov\u00e1n\u00ed k\u00f3du a jejich automatizac\u00ed, v\u00fdpo\u010detn\u00ed chemi\u00ed a medic\u00ednsk\u00fdmi simulacemi.<br \/>\n&nbsp;<br \/>\n&nbsp;\n<\/p>\n<hr \/>\n<h2>Methods and algorithms for direct ligand annotation<\/h2>\n<p>\nBiomacromolecules (e.g. proteins, nucleic acids) are large molecules of biological origins that constitute various parts of living organisms. They carry out their functions with the aid of ligands &#8211; small molecules, which origin is biological as well. To facilitate the research of biomacromolecules and their complexes with ligands, it is necessary to obtain a model of their real structure. The amount of structures that are being submitted to freely available databases is steadily increasing. However, with the rise of the count of newly assembled structure models, the amount of errors in them is rising as well. The scientific community&#8217;s reaction to this newly emerged problem was the development of validation software. Students and alumni of the laboratory took major part in developing <a href=\"http:\/\/webchem.ncbr.muni.cz\/Platform\/MotiveValidator\">MotiveValidator<\/a> (<a href=\"http:\/\/nar.oxfordjournals.org\/content\/42\/W1\/W227\">published here<\/a>) &#8211; a software tool for ligand validation. They also created <a href=\"http:\/\/webchem.ncbr.muni.cz\/Platform\/ValidatorDb\/Index\">ValidatorDB<\/a> (<a href=\"http:\/\/nar.oxfordjournals.org\/content\/43\/D1\/D369\">published here<\/a>) &#8211; a publicly accessible database of validation results of ligands that are stored in <a href=\"http:\/\/www.ebi.ac.uk\/pdbe\/\">the Protein Data Bank<\/a> database (the biggest database of its kind). This validation of ligands showed that approximately 17 % of ligands is missing group(s) of atoms, has redundant group(s) of atoms, or has incorrect spatial configuration of atoms adjacent to chiral center(s) (<a href=\"http:\/\/nar.oxfordjournals.org\/content\/43\/D1\/D369\">source<\/a>).\n<\/p>\n<p>\nA major problem of ligand quality is their incorrect annotation. Nontrivial percentage of ligands in databases is annotated in a way that does not correspond to their deposited structure. To tackle this problem, we are developing effective algorithms for direct ligand annotation. Unlike several solutions that already exist, this approach does not require a reference set of ligands. That is a key advantage since the quality of reference ligands sometimes leaves a lot to be desired.\n<\/p>\n<p>\nAnother issue that has to be addressed while directly annotating ligands is the quality of their actual structure. Therefore, an extensive analysis that explores relationships between diverse structure factors has been performed first. We were trying to ascertain whether the quality of ligands is on the rise as much as is the quality of biomacromolecules. Furthermore, we were trying to determine factors that influence the structure quality the most.\n<\/p>\n<p>\nContact: Vladim\u00edr Horsk\u00fd, <a href=\"mailto:vladimir.horsky@mail.muni.cz\">vladimir.horsky@mail.muni.cz<\/a>\n<\/p>\n<hr \/>\n<h2>Computation of Atomic Charges<\/h2>\n<p>Partial atomic charges describe the distribution of electron density in a molecule, and therefore they provide clues regarding the chemical behavior of molecules. Atomic charges are frequently used in molecular modeling applications and they have also become popular chemoinformatics descriptors. Because of not corresponding to any physical quantity directly, the partial atomic charges cannot be measured experimentally. However, they can be computed. Standard way of their calculation involves quantum mechanics (QM), methods which make no further assumptions and which use only physical constants. The principal disadvantage of QM methods is their computational complexity which limits their practical use to small systems only.\n<\/p>\n<p>\nMarkedly faster alternative to the QM approaches is represented by the empirical methods. However, improved time complexity comes at a price \u2013 empirical methods utilize empirical parameters which often have to be obtained from QM charges in a process called parameterization. Unfortunately, there is no universally applicable charge calculation method or even a parameterization scheme \u2013 for some applications the most suitable charges are derived using one method, for other applications by using another one. Therefore, we focus on study, design and implementation of empirical charge calculation methods and their parameterizations.\n<\/p>\n<p>\nContact: Tom\u00e1\u0161 Ra\u010dek, <a href=\"mailto:tom@krab1k.net\">tom@krab1k.net<\/a>\n<\/p>\n<hr \/>\n<h2>Molecular Simulations with Adaptive Potentials<\/h2>\n<p>Computational chemistry allows researchers to experiment in sillico: by running computer simulations of biological or chemical processes of interest. However, the validity of simulation results depends on used potentials: equations, functions and their parameters that together approximate the given process. The values of parameters usually stem from quantuum mechanics computations and a constant value is used for molecular simulation. Many simulations will benefit and increase their validity if we can adjust the parameters&#8216; values as the simulation is running and the structure of the simulated system is changing. The adaptation of parameters introduces new degrees of freedom into the model and presents a computational challenge from the point of numerical stability.<\/p>\n<p><center><br \/>\n<a href=\"https:\/\/www.sitola.cz\/wordpress\/wp-content\/uploads\/2016\/01\/trpcage.jpg\" rel=\"attachment wp-att-2847\"><img decoding=\"async\" src=\"https:\/\/www.sitola.cz\/wordpress\/wp-content\/uploads\/2016\/01\/trpcage-1024x966.jpg\" alt=\"trpcage\" width=\"300\" class=\"aligncenter size-large wp-image-2847\" srcset=\"https:\/\/www.sitola.cz\/wordpress\/wp-content\/uploads\/2016\/01\/trpcage-1024x966.jpg 1024w, https:\/\/www.sitola.cz\/wordpress\/wp-content\/uploads\/2016\/01\/trpcage-212x200.jpg 212w, https:\/\/www.sitola.cz\/wordpress\/wp-content\/uploads\/2016\/01\/trpcage-768x724.jpg 768w, https:\/\/www.sitola.cz\/wordpress\/wp-content\/uploads\/2016\/01\/trpcage.jpg 1071w\" sizes=\"(max-width: 1024px) 100vw, 1024px\" \/><\/a><br \/>\n<\/center><\/p>\n<p>The research at this topic is conducted in cooperation with Radka Svobodov\u00e1 Va\u0159ekov\u00e1 (Faculty of Science, Masaryk University, Brno) and Vojt\u011bch Spiwok (Department of Biochemistry and Microbiology, Intitute of Chemical technology, Prague).<\/p>\n<p>Contact: <a href=\"mailto:pazurikova@ics.muni.cz\">pazurikova@ics.muni.cz<\/a><\/p>\n<\/div>\n","protected":false},"excerpt":{"rendered":"<p>V dne\u0161n\u00ed dob\u011b je mnoho probl\u00e9m\u016f z re\u00e1ln\u00e9ho sv\u011bta \u0159e\u0161eno pomoc\u00ed simulac\u00ed. D\u00edky simulac\u00edm je mo\u017en\u00e9 nap\u0159\u00edklad l\u00e9pe ch\u00e1pat komplexn\u00ed interakce biomolekul, tr\u00e9novat operace ve virtu\u00e1ln\u00edm prost\u0159ed\u00ed \u010di odhadovat dosah p\u0159\u00edrodn\u00edch katastrof. Mnoh\u00e9 simulace jsou v\u0161ak i pro sou\u010dasn\u00e9 po\u010d\u00edta\u010de extr\u00e9mn\u011b n\u00e1ro\u010dn\u00e9, je proto t\u0159eba hledat vhodn\u00e9 matematick\u00e9 modely a paralelizovat, akcelerovat a optimalizovat jejich [&hellip;]<\/p>\n","protected":false},"author":30,"featured_media":0,"parent":24,"menu_order":20,"comment_status":"closed","ping_status":"closed","template":"","meta":{"footnotes":""},"_links":{"self":[{"href":"https:\/\/www.sitola.cz\/wordpress\/wp-json\/wp\/v2\/pages\/2547"}],"collection":[{"href":"https:\/\/www.sitola.cz\/wordpress\/wp-json\/wp\/v2\/pages"}],"about":[{"href":"https:\/\/www.sitola.cz\/wordpress\/wp-json\/wp\/v2\/types\/page"}],"author":[{"embeddable":true,"href":"https:\/\/www.sitola.cz\/wordpress\/wp-json\/wp\/v2\/users\/30"}],"replies":[{"embeddable":true,"href":"https:\/\/www.sitola.cz\/wordpress\/wp-json\/wp\/v2\/comments?post=2547"}],"version-history":[{"count":18,"href":"https:\/\/www.sitola.cz\/wordpress\/wp-json\/wp\/v2\/pages\/2547\/revisions"}],"predecessor-version":[{"id":2850,"href":"https:\/\/www.sitola.cz\/wordpress\/wp-json\/wp\/v2\/pages\/2547\/revisions\/2850"}],"up":[{"embeddable":true,"href":"https:\/\/www.sitola.cz\/wordpress\/wp-json\/wp\/v2\/pages\/24"}],"wp:attachment":[{"href":"https:\/\/www.sitola.cz\/wordpress\/wp-json\/wp\/v2\/media?parent=2547"}],"curies":[{"name":"wp","href":"https:\/\/api.w.org\/{rel}","templated":true}]}}