{"id":2478,"date":"2016-01-05T15:56:37","date_gmt":"2016-01-05T13:56:37","guid":{"rendered":"http:\/\/www.sitola.cz\/wordpress\/?page_id=2478"},"modified":"2016-02-16T19:59:42","modified_gmt":"2016-02-16T18:59:42","slug":"pripoj-se-do-sitoly","status":"publish","type":"page","link":"https:\/\/www.sitola.cz\/wordpress\/about\/pripoj-se-do-sitoly\/","title":{"rendered":"P\u0159ipoj se do Sitoly!"},"content":{"rendered":"<h1>Hled\u00e1me<\/h1>\n<p>studenty, v\u010detn\u011b prv\u00e1k\u016f, kte\u0159\u00ed se neboj\u00ed, maj\u00ed chu\u0165 se u\u010dit nov\u00e9 v\u011bci, u\u017e n\u011bco naprogramovali v C\/C++, Jav\u011b, JavaScriptu \u010di dal\u0161\u00edch technologi\u00edch nebo se to cht\u011bj\u00ed nau\u010dit, ned\u011bs\u00ed je matematika a zaj\u00edmaj\u00ed se o n\u011bkter\u00e9 z n\u00ed\u017ee uveden\u00fdch oblast\u00ed.<\/p>\n<h2>Multimedi\u00e1ln\u00ed p\u0159enosy s vysok\u00fdmi n\u00e1roky na kvalitu a n\u00edzk\u00e9 zpo\u017ed\u011bn\u00ed<\/h2>\n<p>N\u00e1ro\u010dn\u00e9 multimedi\u00e1ln\u00ed p\u0159enosy jsou typick\u00fdm p\u0159\u00edkladem s\u00ed\u0165ov\u00e9 aplikace, kter\u00e1 dok\u00e1\u017ee maxim\u00e1ln\u011b vyt\u00ed\u017eit i nejrychlej\u0161\u00ed po\u010d\u00edta\u010dov\u00e9 s\u00edt\u011b. <a href=\"http:\/\/ultragrid.cz\">UltraGrid<\/a> je software pro n\u00edzkolaten\u010dn\u00ed p\u0159enos komprimovan\u00e9ho i nekomprimovan\u00e9ho zvuku a videa (o rozli\u0161en\u00ed a\u017e 8K) po IP s\u00edt\u00edch se zpo\u017ed\u011bn\u00edm do 100 ms. Krom\u011b v\u00fdvoje se pod\u00edl\u00edme na \u0159ad\u011b p\u0159enosov\u00fdch akc\u00ed, zejm\u00e9na z l\u00e9ka\u0159sk\u00e9ho prost\u0159ed\u00ed p\u0159i kter\u00fdch Ultragrid. V laborato\u0159i tak\u00e9 vznik\u00e1 n\u00e1stroj <a href=\"http:\/\/couniverse.sitola.cz\">CoUniverse<\/a>, kter\u00fd umo\u017e\u0148uje pl\u00e1nov\u00e1n\u00ed a budov\u00e1n\u00ed v\u00edcebodov\u00fdch spojen\u00ed.<\/p>\n<h3>Mo\u017enosti zapojen\u00ed<\/h3>\n<ul>\n<li>Implementace video kodek\u016f a nov\u00fdch funkc\u00ed pro UltraGrid (C\/C++)<\/li>\n<li>Implementaci nov\u00fdch funkc\u00ed CoUniverse (Java)<\/li>\n<li>Spr\u00e1va a \u00fadr\u017eba testovac\u00edch a v\u00fdvojov\u00fdch stroj\u016f, kter\u00e9 b\u011b\u017e\u00ed na v\u0161ech majoritn\u00edch OS (Linux, OS X, Windows)<\/li>\n<li>Realizace streamingu a z\u00e1znamu z l\u00e9ka\u0159sk\u00fdch operac\u00ed, p\u0159edn\u00e1\u0161ek a dal\u0161\u00edch akc\u00ed<\/li>\n<\/ul>\n<p>V p\u0159\u00edpad\u011b z\u00e1jmu se obra\u0165te na <a href=\"mailto:xliska@fi.muni.cz\">Milo\u0161e Li\u0161ku<\/a> a <a href=\"mailto:rusnak@ics.muni.cz\">V\u00ed\u0165u Rus\u0148\u00e1ka<\/a>.<\/p>\n<h2>Pokro\u010dil\u00e9 vizualizace dat a interakce s nimi na skl\u00e1dan\u00fdch displejov\u00fdch st\u011bn\u00e1ch<\/h2>\n<p>Skl\u00e1dan\u00e9 displejov\u00e9 st\u011bny umo\u017e\u0148uj\u00ed vizualizaci velk\u00fdch datov\u00fdch sad. Vyv\u00edj\u00edme aplikace pro vizualizace datov\u00fdch sad. Mimo to se v\u011bnujeme tak\u00e9 v\u00fdzkumu v oblasti interakce se zobrazovan\u00fdm obsahem.<\/p>\n<h3>Mo\u017enosti zapojen\u00ed<\/h3>\n<ul>\n<li>Tvorba aplikac\u00ed pro vizualizaci grafov\u00fdch dat, p\u0159edev\u0161\u00edm v JavaScriptu a dal\u0161\u00edch webov\u00fdch technologi\u00edch (WebGL)<\/li>\n<li>Integrace dotykov\u00fdch a bezdotykov\u00fdch rozhran\u00ed pro interakci se zobrazovan\u00fdm obsahem<\/li>\n<\/ul>\n<p>V p\u0159\u00edpad\u011b z\u00e1jmu se obra\u0165te na <a href=\"mailto:xliska@fi.muni.cz\">Milo\u0161e Li\u0161ku<\/a> a <a href=\"mailto:rusnak@ics.muni.cz\">V\u00ed\u0165u Rus\u0148\u00e1ka<\/a>.<\/p>\n<h2>Paraleln\u00ed numerick\u00e9 algoritmy a simulace<\/h2>\n<p>V dne\u0161n\u00ed dob\u011b je mnoho probl\u00e9m\u016f z re\u00e1ln\u00e9ho sv\u011bta \u0159e\u0161eno pomoc\u00ed simulac\u00ed. D\u00edky simulac\u00edm je mo\u017en\u00e9 nap\u0159\u00edklad l\u00e9pe ch\u00e1pat komplexn\u00ed interakce biomolekul, tr\u00e9novat operace ve virtu\u00e1ln\u00edm prost\u0159ed\u00ed \u010di odhadovat dosah p\u0159\u00edrodn\u00edch katastrof. Mnoh\u00e9 simulace jsou v\u0161ak i pro sou\u010dasn\u00e9 po\u010d\u00edta\u010de extr\u00e9mn\u011b n\u00e1ro\u010dn\u00e9, je proto t\u0159eba hledat vhodn\u00e9 matematick\u00e9 modely a paralelizovat, akcelerovat a optimalizovat jejich implementaci. V laborato\u0159i se zab\u00fdv\u00e1me p\u0159edev\u0161\u00edm metodami pro urychlov\u00e1n\u00ed k\u00f3du a jejich automatizac\u00ed, v\u00fdpo\u010detn\u00ed chemi\u00ed a medic\u00ednsk\u00fdmi simulacemi.<\/p>\n<h3>Mo\u017enosti zapojen\u00ed<\/h3>\n<ul>\n<li>Paralelizace a akcelerace (GPU, Xeon Phi) numerick\u00fdch algoritm\u016f<\/li>\n<li>Metody pro automatick\u00e9 vylep\u0161ov\u00e1n\u00ed efektivity k\u00f3du<\/li>\n<li>V\u00fdpo\u010detn\u00ed chemie (implementace nov\u00fdch algoritm\u016f, urychlov\u00e1n\u00ed k\u00f3du)<\/li>\n<li>Simulace molekulov\u00e9 dynamiky \u010di m\u011bkk\u00fdch tk\u00e1n\u00ed<\/li>\n<\/ul>\n<p>V p\u0159\u00edpad\u011b z\u00e1jmu se obra\u0165te na <a href=\"mailto:fila@mail.muni.cz\">Jirku Filipovi\u010de<\/a>.<\/p>\n<h2>Anal\u00fdza komplexn\u00edch s\u00edt\u00ed<\/h2>\n<p>Perspektivou komplexn\u00edch s\u00edt\u00ed lze nahl\u00ed\u017eet velice pestrou \u0161k\u00e1lu syst\u00e9m\u016f: dopravn\u00ed syst\u00e9my, soci\u00e1ln\u00ed \u010di ekonomick\u00e9 vazby, lidsk\u00fd mozek, biologick\u00e9 syst\u00e9my a mnoh\u00e9 dal\u0161\u00ed. V r\u00e1mci mezioborov\u00fdch projekt\u016f se v\u011bnujeme anal\u00fdze t\u011bchto syst\u00e9m\u016f a rozvoji s\u00ed\u0165ov\u011b analytick\u00e9ho apar\u00e1tu. Mezi aktu\u00e1ln\u011b prob\u00edhaj\u00edc\u00ed projekty pat\u0159\u00ed projekt <a href=\"http:\/\/gehir.phil.muni.cz\/\">GEHIR<\/a> (modelov\u00e1n\u00ed a anal\u00fdza v historiografick\u00e9m kontextu) a spolupr\u00e1ce s neurov\u011bdn\u00ed \u010d\u00e1st\u00ed centra <a href=\"http:\/\/www.ceitec.cz\/ceitec-mu\/vyzkum-mozku-a-lidske-mysli\/v8\">CEITEC<\/a> (studium funk\u010dn\u00ed konektivity lidsk\u00e9ho mozku na experiment\u00e1ln\u00edch datech).<\/p>\n<h3>Mo\u017enosti zapojen\u00ed<\/h3>\n<ul>\n<li>Vizualizace komplexn\u00edch dat, p\u0159\u00edpadn\u011b i s \u010dasovou slo\u017ekou (animace)<\/li>\n<li>Implementace matematick\u00fdch model\u016f komplexn\u00edch syst\u00e9m\u016f a souvisej\u00edc\u00ed vizualizace<\/li>\n<li>Pomoc se zpracov\u00e1n\u00edm velk\u00fdch objem\u016f dat: skriptov\u00e1n\u00ed pipeline, distribuovan\u00e9 zpracov\u00e1n\u00ed v <a href=\"http:\/\/metavo.metacentrum.cz\/\">MetaCentru<\/a>, vizualizace v\u00fdsledk\u016f<\/li>\n<li>Realizace vlastn\u00edch s\u00ed\u0165ov\u011b-analytick\u00fdch projekt\u016f<\/li>\n<\/ul>\n<p>V p\u0159\u00edpad\u011b z\u00e1jmu se obra\u0165te na <a href=\"mailto:izaak@mail.muni.cz\">Honzu Fouska<\/a>.<\/p>\n<h1>Nab\u00edz\u00edme<\/h1>\n<ul>\n<li>Z\u00e1zem\u00ed laborato\u0159e se \u0161pi\u010dkov\u00fdm vybaven\u00edm (3&#215;10 Gbps p\u0159ipojen\u00ed do p\u00e1te\u0159n\u00ed s\u00edt\u011b CESNET, laboratorn\u00ed s\u00ed\u0165 16&#215;10 Gbps, displejov\u00e1 st\u011bna s rozli\u0161en\u00edm 8k, high-end GPU akceler\u00e1tory, &#8230;).<\/li>\n<li>Mo\u017enost pod\u00edlet se na studentsk\u00fdch projektech, t\u00e9mata z\u00e1v\u011bre\u010dn\u00fdch prac\u00ed a zapojen\u00ed do v\u00fdzkumu a v\u00fdvoje i na mezin\u00e1rodn\u00ed \u00farovni.<\/li>\n<li>Zku\u0161enosti a know-how \u010dlen\u016f laborato\u0159e, kte\u0159\u00ed jsou v\u017edy ochotni poradit a pomoci. \ud83d\ude09<\/li>\n<\/ul>\n<p>Pokud m\u00e1te vlastn\u00ed s\u00ed\u0165ov\u011b orientovan\u00e9 t\u00e9ma, obra\u0165te se na <a href=\"mailto:eva@fi.muni.cz\">doc. Evu Hladkou<\/a>. <\/p>\n","protected":false},"excerpt":{"rendered":"<p>Hled\u00e1me studenty, v\u010detn\u011b prv\u00e1k\u016f, kte\u0159\u00ed se neboj\u00ed, maj\u00ed chu\u0165 se u\u010dit nov\u00e9 v\u011bci, u\u017e n\u011bco naprogramovali v C\/C++, Jav\u011b, JavaScriptu \u010di dal\u0161\u00edch technologi\u00edch nebo se to cht\u011bj\u00ed nau\u010dit, ned\u011bs\u00ed je matematika a zaj\u00edmaj\u00ed se o n\u011bkter\u00e9 z n\u00ed\u017ee uveden\u00fdch oblast\u00ed. Multimedi\u00e1ln\u00ed p\u0159enosy s vysok\u00fdmi n\u00e1roky na kvalitu a n\u00edzk\u00e9 zpo\u017ed\u011bn\u00ed N\u00e1ro\u010dn\u00e9 multimedi\u00e1ln\u00ed p\u0159enosy jsou typick\u00fdm [&hellip;]<\/p>\n","protected":false},"author":30,"featured_media":0,"parent":19,"menu_order":1,"comment_status":"closed","ping_status":"closed","template":"","meta":{"footnotes":""},"_links":{"self":[{"href":"https:\/\/www.sitola.cz\/wordpress\/wp-json\/wp\/v2\/pages\/2478"}],"collection":[{"href":"https:\/\/www.sitola.cz\/wordpress\/wp-json\/wp\/v2\/pages"}],"about":[{"href":"https:\/\/www.sitola.cz\/wordpress\/wp-json\/wp\/v2\/types\/page"}],"author":[{"embeddable":true,"href":"https:\/\/www.sitola.cz\/wordpress\/wp-json\/wp\/v2\/users\/30"}],"replies":[{"embeddable":true,"href":"https:\/\/www.sitola.cz\/wordpress\/wp-json\/wp\/v2\/comments?post=2478"}],"version-history":[{"count":22,"href":"https:\/\/www.sitola.cz\/wordpress\/wp-json\/wp\/v2\/pages\/2478\/revisions"}],"predecessor-version":[{"id":2765,"href":"https:\/\/www.sitola.cz\/wordpress\/wp-json\/wp\/v2\/pages\/2478\/revisions\/2765"}],"up":[{"embeddable":true,"href":"https:\/\/www.sitola.cz\/wordpress\/wp-json\/wp\/v2\/pages\/19"}],"wp:attachment":[{"href":"https:\/\/www.sitola.cz\/wordpress\/wp-json\/wp\/v2\/media?parent=2478"}],"curies":[{"name":"wp","href":"https:\/\/api.w.org\/{rel}","templated":true}]}}